{"id":430,"date":"2025-08-13T13:46:11","date_gmt":"2025-08-13T09:46:11","guid":{"rendered":"https:\/\/varastomikkeli.fi\/?page_id=430"},"modified":"2026-03-03T19:25:47","modified_gmt":"2026-03-03T15:25:47","slug":"kayttoehdot","status":"publish","type":"page","link":"https:\/\/varastomikkeli.fi\/index.php\/kayttoehdot\/","title":{"rendered":"Vuokrausehdot, rekisteriseloste"},"content":{"rendered":"\n<p><strong>VARASTOTILAN VUOKRAUSEHDOT<\/strong> 1\/3&nbsp;&nbsp;<\/p>\n\n\n\n<p class=\"has-medium-font-size\">1.8.2025 alkaen&nbsp;<\/p>\n\n\n\n<p class=\"has-medium-font-size\"><strong>Varastotilojen vuokraaminen Kiinteist\u00f6 Myyryl\u00e4inen Oy:lt\u00e4&nbsp;<\/strong>&nbsp;<\/p>\n\n\n\n<p class=\"has-medium-font-size\"><strong>1.8.2025 alkaen voimassa olevat yleiset vuokrausehdot<\/strong>&nbsp;<\/p>\n\n\n\n<p class=\"has-medium-font-size\">Varastomikkeli on Kiinteist\u00f6 Myyryl\u00e4isen markkinointinimi&nbsp;<\/p>\n\n\n\n<p class=\"has-medium-font-size\">T\u00e4ll\u00e4 vuokrasopimuksella vuokralainen vahvistaa lukeneensa n\u00e4m\u00e4 varastojen vuokraehdot ja sitoutuu niit\u00e4 noudattamaan. Mik\u00e4li muuta ei mainita, noudatetaan lakia liikehuoneiston vuokrauksesta.&nbsp;<\/p>\n\n\n\n<p class=\"has-medium-font-size\">Vuokrasopimus on aina toistaiseksi voimassa oleva (irtisanomisehdot my\u00f6hemmin) ellei muuta ole sovittu.&nbsp;<\/p>\n\n\n\n<p> <\/p>\n\n\n\n<p class=\"has-large-font-size\"><strong>Varaston kunto, s\u00e4ilytett\u00e4v\u00e4t tavarat sek\u00e4 varaston k\u00e4ytt\u00f6 ja lukitus&nbsp;<\/strong>&nbsp;<\/p>\n\n\n\n<p class=\"has-medium-font-size\">Varasto vuokrataan siin\u00e4 kunnossa, kuin se on sopimuksen tekohetkell\u00e4. Vuokrattua tilaa saa k\u00e4ytt\u00e4\u00e4 vain kuivan kappaletavaran varastointiin. R\u00e4j\u00e4hteiden ja niiden k\u00e4ytt\u00f6\u00f6n liittyvien tarvikkeiden (esim. nallit, sytyttimet), helposti tai itsest\u00e4\u00e4n syttyvien, ymp\u00e4rist\u00f6lle tai terveydelle vaaraa tai haittaa aiheuttavien aineiden sek\u00e4 kaikenlaisten nesteiden varastointi on kielletty. Tavaroiden s\u00e4ilytys muualla (k\u00e4yt\u00e4v\u00e4t, yleiset tilat) kuin vuokrasopimuksessa mainitussa varastossa on ehdottomasti kielletty. N\u00e4ist\u00e4 tiloista l\u00f6ytyv\u00e4t tavarat poistetaan ja h\u00e4vitet\u00e4\u00e4n vuokranantajan toimesta ja vuokralaisen kustannuksella.&nbsp;<\/p>\n\n\n\n<p> <\/p>\n\n\n\n<p class=\"has-large-font-size\"><strong>Lattiakuorma ei saa ylitt\u00e4\u00e4 500 kg\/m<sup>2<\/sup>.&nbsp;<\/strong><\/p>\n\n\n\n<p class=\"has-medium-font-size\">Varastorakennuksen ulko-ovi avataan matkapuhelimen sovelluksella tai vaihtoehtoisesti numerokoodilla, jotka toimitetaan vuokralaiselle s\u00e4hk\u00f6postilla. S\u00e4hk\u00f6postin k\u00e4ytt\u00e4minen on siten edellytys vuokrasopimuksen tekemiselle. Yksitt\u00e4isen varaston lukituksesta vastaa vuokralainen, jonka vastuulla on j\u00e4rjest\u00e4\u00e4 itselleen tarvittava m\u00e4\u00e4r\u00e4 riippulukkoja. Vuokralaisen on huolehdittava ulko-oven lukitsemisesta varastorakennuksesta poistuessaan.&nbsp;<\/p>\n\n\n\n<p class=\"has-medium-font-size\">Vuokralaisella ei ole oikeutta tehd\u00e4 varastoon rakenteellisia muutost\u00f6it\u00e4, kiinnitt\u00e4\u00e4 lattiaan tai seiniin hyllyj\u00e4 tai vastaavia. Mahdollisesti k\u00e4ytett\u00e4vien hyllyjen on oltava lattialla vapaasti seisovia. Varastojen seiniin, oviin tai muuallekaan ei saa kiinnitt\u00e4\u00e4 tarroja, kylttej\u00e4 tai mit\u00e4\u00e4n muitakaan ulkoisia merkkej\u00e4. Vuokrakauden p\u00e4\u00e4ttyess\u00e4 varasto luovutetaan vuokranantajan hallintaan siin\u00e4 kunnossa kuin se sopimuksen alkaessa oli.&nbsp;<\/p>\n\n\n\n<p class=\"has-medium-font-size\">Huoltotoimien, turvallisuuden tai muun vastaavan asian takia varastotila voidaan sulkea vuokranantajan erikseen ilmoittamana aikana. Vuokranantajalla on oikeus menn\u00e4 vuokrattuun tilaan huolto- tai korjaustoimien takia. Mik\u00e4li vuokranantajan tarve vaatii, on vuokranantajalla oikeus 1 kk varoitusajalla osoittaa vuokralaiselle vaihdettavaksi toinen samankokoinen tai suurempi varasto.&nbsp;<\/p>\n\n\n\n<p><\/p>\n\n\n\n<p class=\"has-large-font-size\"><strong>Vakuutukset, vahingot ja vuokranantajan vastuut<\/strong>&nbsp;<\/p>\n\n\n\n<p class=\"has-medium-font-size\">Vuokranantajalla on kiinteist\u00f6\u00f6n tavanomainen kiinteist\u00f6vakuutus, joka ei kata vuokralaisen irtaimistoa. Vuokralaisen tulee itse omalla kustannuksellaan hankkia asianmukainen vakuutus varastoitaville tavaroilleen. Vuokranantaja ei vastaa miss\u00e4\u00e4n tapauksessa vuokralaisen tavaroiden rikkoontumisesta, likaantumisesta tai mist\u00e4\u00e4n muustakaan vahingoittumisesta, joka ei johdu vuokranantajan omasta tuottamuksesta. Vuokralainen vastaa itse tarvitsemastaan n\u00e4k\u00f6-, p\u00f6ly- ym. suojauksesta.&nbsp;<\/p>\n\n\n\n<p class=\"has-medium-font-size\">Mik\u00e4li vuokralainen aiheuttaa toiminnallaan tai varastoimiensa tavaroiden kautta vahinkoa vuokranantajalle, kiinteist\u00f6lle, muille vuokralaisille tai muille kiinteist\u00f6n k\u00e4ytt\u00e4jille, vastaa vuokralainen kaikista vahingoista suoraan vahinkoa k\u00e4rsineelle. Mik\u00e4li vuokralainen aiheuttaa h\u00e4lytyksen, vastaa h\u00e4n kaikista aiheutuvista kuluista.&nbsp;<\/p>\n\n\n\n<p class=\"has-medium-font-size\">Vuokralainen on my\u00f6s vastuussa varastotiloissa mukanaan asioivista henkil\u00f6ist\u00e4 ja heid\u00e4n mahdollisesti aiheuttamista vahingoista, h\u00e4lytyksist\u00e4 tai vastaavista.&nbsp;<\/p>\n\n\n\n<p> <\/p>\n\n\n\n<p class=\"has-large-font-size\"><strong>Varastotilan muutosty\u00f6t&nbsp;<\/strong>&nbsp;<\/p>\n\n\n\n<p class=\"has-medium-font-size\">Vuokranantaja pid\u00e4tt\u00e4\u00e4 oikeuden tehd\u00e4 muutost\u00f6it\u00e4 kiinteist\u00f6ss\u00e4 siten, ett\u00e4 vuokralaiselle ei aiheudu kohtuutonta haittaa.&nbsp;<\/p>\n\n\n\n<p> <\/p>\n\n\n\n<p class=\"has-large-font-size\"><strong>L\u00e4mp\u00f6, s\u00e4hk\u00f6 ja j\u00e4tteet<\/strong>&nbsp;<\/p>\n\n\n\n<p class=\"has-medium-font-size\">Vuokra sis\u00e4lt\u00e4\u00e4 l\u00e4mm\u00f6n (min. 10\u00b0C) ja valaistukseen kuluvan s\u00e4hk\u00f6n. Vuokralainen vastaa omista j\u00e4tteist\u00e4\u00e4n ja niiden poistamisesta varastotiloista, k\u00e4yt\u00e4vilt\u00e4 ja piha-alueilta. Mik\u00e4li vuokralaisen toiminta aiheuttaa vuokranantajalle ylim\u00e4\u00e4r\u00e4isi\u00e4 kustannuksia, laskutetaan kulut vuokralaiselta t\u00e4ysim\u00e4\u00e4r\u00e4isen\u00e4 sek\u00e4 100 \u20ac j\u00e4rjestelymaksulla lis\u00e4ttyn\u00e4.&nbsp;<\/p>\n\n\n\n<p> <\/p>\n\n\n\n<p class=\"has-large-font-size\"><strong>Vuokrasopimus, sopimuksen voimaantulo ja p\u00e4\u00e4ttyminen, vuokranmaksu ja vuokranmaksun viiv\u00e4styminen tai vuokran maksamatta j\u00e4tt\u00e4minen, muut sopimusrikkomukset<\/strong>&nbsp;<\/p>\n\n\n\n<p class=\"has-medium-font-size\">Vuokrasopimus voi alkaa min\u00e4 p\u00e4iv\u00e4n\u00e4 tahansa ja lyhyin mahdollinen vuokrasopimus on 30 p\u00e4iv\u00e4\u00e4.&nbsp;<\/p>\n\n\n\n<p class=\"has-medium-font-size\">Vuokrasopimus tulee voimaan, kun vuokralainen on maksanut ensimm\u00e4isen vuokran ja ottaa varaston k\u00e4ytt\u00f6\u00f6ns\u00e4. Vuokrasopimuksen voimaantullessa vuokralainen vahvistaa lukeneensa n\u00e4m\u00e4 vuokrausehdot ja sitoutuu noudattamaan niit\u00e4.&nbsp;&nbsp;<\/p>\n\n\n\n<p class=\"has-medium-font-size\">Toistaiseksi voimassa oleva vuokrasopimus on voimassa toistaiseksi 15 vuorokauden molemmin puolisella irtisanomisajalla. Irtisanomisaika lasketaan irtisanomisp\u00e4iv\u00e4st\u00e4 alkaen. Irtisanominen tehd\u00e4\u00e4n kirjallisesti mieluiten s\u00e4hk\u00f6postilla tai esim. kirjeell\u00e4. Kirjeell\u00e4 irtisanottaessa irtisanomisaika alkaa, kun vuokranantaja on saanut tiedon irtisanomisesta. Tekstiviesti tai vastaava ei ole p\u00e4tev\u00e4 tapa irtisanoa sopimusta. M\u00e4\u00e4r\u00e4aikainen sopimus p\u00e4\u00e4ttyy ilman irtisanomista m\u00e4\u00e4r\u00e4ajan mukaisesti.&nbsp;<\/p>\n\n\n\n<p class=\"has-medium-font-size\">Vuokrasopimuksen p\u00e4\u00e4ttyess\u00e4 p\u00e4\u00e4ttymisp\u00e4iv\u00e4 on my\u00f6s muuttop\u00e4iv\u00e4.&nbsp;<\/p>\n\n\n\n<p class=\"has-medium-font-size\">Vuokrakauden p\u00e4\u00e4ttyess\u00e4 vuokralainen on velvollinen tyhjent\u00e4m\u00e4\u00e4n ja siivoamaan varaston vuokrasopimuksen viimeiseen voimassaolop\u00e4iv\u00e4n klo 23:00 menness\u00e4. My\u00f6s varaston oven lukko on poistettava.&nbsp;<\/p>\n\n\n\n<p class=\"has-medium-font-size\">Vuokra maksetaan ennakkoon vuokralaiselle toimitetun tiliyhteystietojen mukaan, ellei muuta ole sovittu. Vuokralainen vastaa siit\u00e4, ett\u00e4 varastotilan vuokra on maksettu.&nbsp;&nbsp;<\/p>\n\n\n\n<p class=\"has-medium-font-size\">Mik\u00e4li vuokraa ei makseta sopimuksen ja n\u00e4iden ehtojen mukaisesti, vuokranantajalla on oikeus:&nbsp;<\/p>\n\n\n\n<ul class=\"wp-block-list\">\n<li class=\"has-medium-font-size\">peri\u00e4 huomautus- tai my\u00f6h\u00e4stymissakko sek\u00e4 viiv\u00e4styskorkoa 16 % maksamattomalle vuokralle&nbsp;<\/li>\n<\/ul>\n\n\n\n<ul class=\"wp-block-list has-medium-font-size\">\n<li class=\"has-medium-font-size\">sulkea kulkuoikeus ulko-oviin<\/li>\n\n\n\n<li>purkaa vuokrasopimus lain mukaisesti&nbsp;<\/li>\n<\/ul>\n\n\n\n<ul class=\"wp-block-list\">\n<li class=\"has-medium-font-size\">pid\u00e4tt\u00e4\u00e4 (omalla lukituksella) kaikki vuokralaisen varastoimat tavarat&nbsp;<\/li>\n<\/ul>\n\n\n\n<p class=\"has-medium-font-size\">sek\u00e4 peri\u00e4 varaston aukaisumaksu 50 euroa, mik\u00e4li vuokralainen on maksanut vuokrat ennen my\u00f6hemmin kuvattavaa realisointimenettely\u00e4.&nbsp;<\/p>\n\n\n\n<p class=\"has-medium-font-size\">Vuokran laskuttaminen tai sen tilitt\u00e4minen sovittuna p\u00e4iv\u00e4n\u00e4 on poikkeusj\u00e4rjestely, josta on sovittava erikseen&nbsp;<\/p>\n\n\n\n<p class=\"has-medium-font-size\">Mik\u00e4li vuokralainen on laiminly\u00f6nyt velvollisuutensa maksaa vuokraa v\u00e4hint\u00e4\u00e4n kahden kuukauden ajalta, vuokranantajalla on oikeus:&nbsp;<\/p>\n\n\n\n<ul class=\"wp-block-list has-medium-font-size\">\n<li>realisoida kaikki vuokralaisen varastoimat tavarat&nbsp;<\/li>\n<\/ul>\n\n\n\n<ul class=\"wp-block-list has-medium-font-size\">\n<li>k\u00e4ytt\u00e4\u00e4 realisointitulos vuokrar\u00e4stien ja myyntikulujen maksamiseen&nbsp;<\/li>\n<\/ul>\n\n\n\n<p class=\"has-medium-font-size\">Yli j\u00e4\u00e4v\u00e4n osan vuokranantaja tilitt\u00e4\u00e4 vuokralaiselle pyynn\u00f6st\u00e4.&nbsp;<\/p>\n\n\n\n<p class=\"has-medium-font-size\">Tilityspyynt\u00f6 on esitett\u00e4v\u00e4 kirjallisesti ja todistettavasti viimeist\u00e4\u00e4n kolmen (3) kuukauden kuluessa realisoinnista. T\u00e4m\u00e4n j\u00e4lkeen tilityst\u00e4 ei tehd\u00e4. Vuokralainen vastaa varaston vuokrasta realisointihetkeen saakka. Vuokralaisen varastoimat tavarat toimivat vuokranantajan saatavien vakuutena. Jos realisoinnista saatavat varat eiv\u00e4t riit\u00e4 vuokrar\u00e4stien ja kulujen kattamiseen, on vuokranantajalla oikeus laittaa alij\u00e4\u00e4v\u00e4 osuus perint\u00e4yhti\u00f6n peritt\u00e4v\u00e4ksi vuokralaiselta. Vuokralainen tiedostaa ja hyv\u00e4ksyy sen, ett\u00e4 huutokaupassa realisointihinnat ovat yleens\u00e4 huomattavasti alhaisemmat kuin niin sanotut k\u00e4yv\u00e4t hinnat. Vuokralaisella ei ole oikeutta vaatia ja saada vahingonkorvausta t\u00e4ll\u00e4 perusteella, mik\u00e4li realisointi perustuu maksamattomiin vuokriin tai muihin sopimusrikkomuksiin. Vastaavaa realisointimenettely\u00e4 voidaan k\u00e4ytt\u00e4\u00e4 my\u00f6s muista sopimusrikkomuksista aiheutuneiden vahinkojen korvaamiseen.&nbsp;<\/p>\n\n\n\n<p> <\/p>\n\n\n\n<p class=\"has-large-font-size\"><strong>Vuokrankorotus<\/strong>&nbsp;<\/p>\n\n\n\n<p class=\"has-medium-font-size\">Vuokranantajalla on oikeus korottaa vuokraa enint\u00e4\u00e4n 3 % aina tammikuun 1. p\u00e4iv\u00e4 alkaen.&nbsp;<\/p>\n\n\n\n<p> <\/p>\n\n\n\n<p class=\"has-large-font-size\"><strong>Sopimuksen siirt\u00e4minen<\/strong>&nbsp;<\/p>\n\n\n\n<p class=\"has-medium-font-size\">Vuokralaisella ei ole oikeutta siirt\u00e4\u00e4 sopimusta kolmannelle osapuolelle. Vuokranantajalla puolestaan on oikeus vuokrasopimuksen siirtoon ja t\u00e4llaisessa tilanteessa vuokralainen on velvollinen ilmoittamaan yhteystiedot uudelle vuokranantajalle v\u00e4litt\u00f6m\u00e4sti.&nbsp;<\/p>\n\n\n\n<p><\/p>\n\n\n\n<p class=\"is-style-text-display has-large-font-size is-style-text-display--1\"><strong>Muuta<\/strong>&nbsp;<\/p>\n\n\n\n<p class=\"has-medium-font-size\">Mik\u00e4li vuokranantajalla on syyt\u00e4 ep\u00e4ill\u00e4 v\u00e4\u00e4rink\u00e4yt\u00f6st\u00e4, sopimusrikkomusta tai sit\u00e4, ett\u00e4 varaston ovikoodeja, tageja, tai muita kulkuoikeuksia on annettu tai joutunut ulkopuolisille, on vuokranantajalla oikeus sulkea kulkuoikeus. Mik\u00e4li vuokralainen tiet\u00e4\u00e4 tai ep\u00e4ilee, ett\u00e4 oven avaamiseen tarvittavat koodit tai vastaavat ovat joutuneet kolmannen osapuolen haltuun, on t\u00e4m\u00e4n v\u00e4litt\u00f6m\u00e4sti ilmoitettava vuokranantajalle asiasta.&nbsp;<\/p>\n\n\n\n<p class=\"has-medium-font-size\">Vuokranantaja ei ole vastuussa mahdollisen teknisen vian aiheuttamasta vahingosta tai viiv\u00e4stymisest\u00e4.&nbsp;<\/p>\n\n\n\n<p class=\"has-medium-font-size\">Mik\u00e4li vuokralainen rikkoo n\u00e4it\u00e4 varaston vuokrausehtoja, vuokranantajalla on oikeus, realisointioikeuden k\u00e4ytt\u00e4misen lis\u00e4ksi, sulkea kulkuoikeus varastoon, purkaa vuokrasopimus lakkaamaan v\u00e4litt\u00f6m\u00e4sti, poistaa vaaraa aiheuttavat aineet ja tavarat vuokralaisen kustannuksella parhaaksi katsomaansa paikkaan sek\u00e4 saada korvausta sopimusrikkomuksen aiheuttamista v\u00e4litt\u00f6mist\u00e4 ja v\u00e4lillisist\u00e4 vahingoista.&nbsp;<\/p>\n\n\n\n<p>                                  <\/p>\n\n\n\n<p class=\"has-large-font-size\"><strong>REKISTERISELOSTE<\/strong><\/p>\n\n\n\n<p class=\"has-medium-font-size\"><strong>Rekisteriseloste<\/strong><br>T\u00e4m\u00e4n vuokrasopimuksen allekirjoituksella vuokralainen vahvistaa lukeneensa varastojen vuokraehdot ja sitoutuu niit\u00e4 noudattamaan.<\/p>\n\n\n\n<p class=\"has-medium-font-size\">Henkil\u00f6tietolain (523\/1999) 10 \u00a7:n mukainen REKISTERISELOSTE<\/p>\n\n\n\n<ol class=\"wp-block-list has-medium-font-size\">\n<li>Rekisterinpit\u00e4j\u00e4 <br>Nimi: Kiinteist\u00f6 Myyryl\u00e4inen Oy <br>Osoite: Kovalantie 112, 50200 Mikkeli<br>Y-tunnus: 3483640<\/li>\n\n\n\n<li>Rekisteriasioita hoitava henkil\u00f6 tai yhteyshenkil\u00f6: jarmo.myyrylainen@surffi.fi<\/li>\n\n\n\n<li>Rekisterin nimi: Varastomikkelin asiakasrekisteri. Rekisteri\u00e4 k\u00e4ytet\u00e4\u00e4n Varastomikkeli:n ja asiakkaiden v\u00e4liseen yhteydenpitoon sek\u00e4 myyntiin ja markkinointiin, jollei asiakas ole suoramarkkinointia kielt\u00e4nyt.<\/li>\n\n\n\n<li>Henkil\u00f6tietojen k\u00e4sittelyn tarkoituksena on edesauttaa vuokra-asioiden hoitoa, uudistamista ja kehitt\u00e4mist\u00e4. Tiedottaa asiakkaille uutisia, l\u00e4hett\u00e4\u00e4 tarjouksia ja asiakaskyselyit\u00e4. Rekisteri\u00e4 k\u00e4ytet\u00e4\u00e4n my\u00f6s laskutuksen ja suoritusten seurannan apuna.<\/li>\n\n\n\n<li>Rekisterin tietosis\u00e4lt\u00f6\u00e4 ovat asiakkaan nimi, osoite ja s\u00e4hk\u00f6postitiedot. Asiakkaan syntym\u00e4aika ja sosiaaliturvatunnus tarvitaan asiakkaan tunnistusta varten. Asiakaspalautteesta tallennetaan asiakastietoihin, asiakaskyselypalaute sek\u00e4 muut mahdolliset asiakaspalautteet.<\/li>\n\n\n\n<li>S\u00e4\u00e4nn\u00f6nmukaiset tietojen luovutukset ja tietojen siirto EU:n tai Euroopan talousalueen ulkopuolelle suoramarkkinointitarkoituksiin henkil\u00f6tietolain 19 \u00a7 mukaisesti. Tietoja voidaan siirt\u00e4\u00e4 EU:n tai Euroopan talousalueen ulkopuolelle henkil\u00f6tietolain 22 \u00a7:n ja 23 \u00a7:n 7 ja 8 \u2013kohtien nojalla.<\/li>\n\n\n\n<li>S\u00e4\u00e4nn\u00f6nmukaiset tietol\u00e4hteet ovat asiakkaan oma ilmoitus, esimerkiksi varausta teht\u00e4ess\u00e4, asiakaskyselyt ja kilpailut, s\u00e4hk\u00f6postikirjeenvaihto, laskutuksen ja maksunvalvonnan tiedot pankeilta ja perint\u00e4toimistoilta.<\/li>\n\n\n\n<li>Rekisterin suojaus: Rekisterit sijaitsevat erillisess\u00e4 lukitussa tilassa, jonne p\u00e4\u00e4sev\u00e4t vain erikseen m\u00e4\u00e4ritellyt henkil\u00f6t. Sovelluksia, joista rekisterin tietoja voi n\u00e4hd\u00e4, voivat k\u00e4ytt\u00e4\u00e4 vain k\u00e4ytt\u00e4j\u00e4tunnuksen kautta m\u00e4\u00e4ritellyt henkil\u00f6t, joiden ty\u00f6teht\u00e4viin kyseisten tietojen k\u00e4sittely kuuluu. Ty\u00f6tilat, joissa sovelluksia k\u00e4ytt\u00e4vien ty\u00f6asemat ovat, ovat lukittuja ja valvottuja. Henkil\u00f6t, jotka k\u00e4sittelev\u00e4t tietoja, ovat henkil\u00f6tietolain 33 \u00a7:n mukaisen vaitiolovelvollisuuden ja 48 \u00a7:n rangaistuss\u00e4\u00e4nn\u00f6sten alaisia. Sen, joka haluaa tarkastaa itse\u00e4\u00e4n koskevat tiedot, on esitett\u00e4v\u00e4 t\u00e4t\u00e4 tarkoittava pyynt\u00f6 rekisterinpit\u00e4j\u00e4lle omak\u00e4tisesti allekirjoitetussa tai sit\u00e4 vastaavalla tavalla varmennetussa asiakirjassa tai henkil\u00f6kohtaisesti rekisterinpit\u00e4j\u00e4n luona. Rekisterinpit\u00e4j\u00e4n on ilman aiheetonta viivytyst\u00e4 varattava rekister\u00f6idylle tilaisuus tutustua 26 \u00a7:ss\u00e4 tarkoitettuihin tietoihin tai annettava tiedot pyydett\u00e4ess\u00e4 kirjallisesti. Tietoja kerrotaan tai luovutetaan ulkopuolisille vain lakiin perustuvan ilmoitusvelvollisuuden johdosta, kuten asiakkaan omasta pyynn\u00f6st\u00e4 tai viranomaisen lakiin perustuvasta pyynn\u00f6st\u00e4.<\/li>\n<\/ol>\n\n\n\n<p class=\"has-medium-font-size\">Rekister\u00f6idyll\u00e4 on oikeus kielt\u00e4\u00e4 rekisterinpit\u00e4j\u00e4\u00e4 k\u00e4sittelem\u00e4st\u00e4 h\u00e4nt\u00e4 itse\u00e4\u00e4n koskevia tietoja suoramainontaa, et\u00e4myynti\u00e4 ja muuta suoramarkkinointia sek\u00e4 markkina- ja mielipidetutkimusta samoin kuin henkil\u00f6matrikkelia ja sukututkimusta varten. Kieltoasioissa rekister\u00f6ity voi ottaa yhteytt\u00e4 asiakaspalveluumme kiinteisto.myyrylainen@surffi.fi<\/p>\n\n\n\n<p class=\"has-medium-font-size\">N\u00e4m\u00e4 ehdot, sek\u00e4 seloste koskee &#8221;Varastomikkeli.fi&#8221; -sivua ja sen tarkoitus on est\u00e4\u00e4 v\u00e4\u00e4rink\u00e4ytt\u00f6, sek\u00e4 suojella asiakkaita.<\/p>\n\n\n\n<p><\/p>\n","protected":false},"excerpt":{"rendered":"<p>VARASTOTILAN VUOKRAUSEHDOT 1\/3&nbsp;&nbsp; 1.8.2025 alkaen&nbsp; Varastotilojen vuokraaminen Kiinteist\u00f6 Myyryl\u00e4inen Oy:lt\u00e4&nbsp;&nbsp; 1.8.2025 alkaen voimassa olevat yleiset vuokrausehdot&nbsp; Varastomikkeli on Kiinteist\u00f6 Myyryl\u00e4isen markkinointinimi&nbsp; T\u00e4ll\u00e4 vuokrasopimuksella vuokralainen vahvistaa lukeneensa n\u00e4m\u00e4 varastojen vuokraehdot ja sitoutuu niit\u00e4 noudattamaan. Mik\u00e4li muuta ei mainita, noudatetaan lakia liikehuoneiston vuokrauksesta.&nbsp; Vuokrasopimus on aina toistaiseksi voimassa oleva (irtisanomisehdot my\u00f6hemmin) ellei muuta ole sovittu.&nbsp; Varaston kunto, [&hellip;]<\/p>\n","protected":false},"author":2,"featured_media":0,"parent":0,"menu_order":0,"comment_status":"closed","ping_status":"closed","template":"","meta":{"footnotes":""},"class_list":["post-430","page","type-page","status-publish","hentry"],"_links":{"self":[{"href":"https:\/\/varastomikkeli.fi\/index.php\/wp-json\/wp\/v2\/pages\/430","targetHints":{"allow":["GET"]}}],"collection":[{"href":"https:\/\/varastomikkeli.fi\/index.php\/wp-json\/wp\/v2\/pages"}],"about":[{"href":"https:\/\/varastomikkeli.fi\/index.php\/wp-json\/wp\/v2\/types\/page"}],"author":[{"embeddable":true,"href":"https:\/\/varastomikkeli.fi\/index.php\/wp-json\/wp\/v2\/users\/2"}],"replies":[{"embeddable":true,"href":"https:\/\/varastomikkeli.fi\/index.php\/wp-json\/wp\/v2\/comments?post=430"}],"version-history":[{"count":7,"href":"https:\/\/varastomikkeli.fi\/index.php\/wp-json\/wp\/v2\/pages\/430\/revisions"}],"predecessor-version":[{"id":1114,"href":"https:\/\/varastomikkeli.fi\/index.php\/wp-json\/wp\/v2\/pages\/430\/revisions\/1114"}],"wp:attachment":[{"href":"https:\/\/varastomikkeli.fi\/index.php\/wp-json\/wp\/v2\/media?parent=430"}],"curies":[{"name":"wp","href":"https:\/\/api.w.org\/{rel}","templated":true}]}}